{"id":5221,"date":"2022-03-28T10:20:03","date_gmt":"2022-03-28T14:20:03","guid":{"rendered":"https:\/\/tourabitibi.com\/?page_id=5221"},"modified":"2025-07-10T22:12:39","modified_gmt":"2025-07-11T02:12:39","slug":"equipos","status":"publish","type":"page","link":"https:\/\/tourabitibi.com\/es\/equipos\/","title":{"rendered":"Equipos"},"content":{"rendered":"<h3><span style=\"color: #00414d;\">Tour de l&#8217;Abitibi Glencore 2025- MUJERES<\/span><\/h3>\n<h4>Starting list (coming soon)<\/h4>\n<h3><span style=\"color: #cd9106;\">NATIONAL TEAMS<\/span><\/h3>\n<p><em><strong>TEAM<\/strong> &#8211; SPONSOR<\/em><\/p>\n<p><strong>CANADA<\/strong> &#8211; Gouv Canada\/ Ville de Rouyn-Noranda<\/p>\n<p><b>COLOMBIA <\/b>&#8211; Glencore<\/p>\n<p><b>FRANCE <\/b>&#8211; Ville de Val-d&#8217;Or\/Agnico Eagle<\/p>\n<p><b>JAPAN <\/b>&#8211; N\u00e9langer \u00c9lectrique\/ S\u00fbret\u00e9 du Qu\u00e9bec<\/p>\n<p><strong>NORWAY<\/strong>\u00a0&#8211; Energie\/Remorquage Belzil<\/p>\n<h3><span style=\"color: #cd9106;\">REGIONAL TEAMS<\/span><\/h3>\n<p><em><strong>TEAM<\/strong> &#8211; COMMANDITAIRE<\/em><\/p>\n<h5>CANADA<\/h5>\n<p><strong>\u00c9quipe Qu\u00e9bec <\/strong>&#8211; Gouvernement du Qu\u00e9bec\/ Ville d&#8217;Amos<br \/>\n<strong>Subway <\/strong>&#8211; Industrie Blais\/ CMAC Thyssen<br \/>\n<strong>Liftow KW Cycling Academy <\/strong>&#8211; Eldorado Gold\/ Desjardins<\/p>\n<h5>UNITED-STATES<\/h5>\n<p><strong>North Star Development <\/strong>&#8211; Dessercom\/ CCANO<\/p>\n<p>&nbsp;<\/p>\n<h3><span style=\"color: #00414d;\">Tour de l&#8217;Abitibi Glencore pr\u00e9sent\u00e9 par la s\u00fbret\u00e9 du Qu\u00e9bec 2025 &#8211; HOMBRES<\/span><\/h3>\n<h4>Starting list (coming soon)<\/h4>\n<h3><span style=\"color: #cd9106;\">NATIONAL TEAMS<\/span><\/h3>\n<p><em><strong>TEAM<\/strong> &#8211; SPONSOR<\/em><\/p>\n<p><strong>CANADA<\/strong> &#8211; Gouv Canada\/ Ville de Rouyn-Noranda<\/p>\n<p><b>COLOMBIA <\/b>&#8211; Glencore<\/p>\n<p><b>UNITED-STATES<\/b> &#8211; CSOB\/Elcom radio<\/p>\n<p><b>FRANCE <\/b>&#8211; Ville de Val-d&#8217;Or\/Agnico Eagle<\/p>\n<p><b>JAPAN <\/b>&#8211; N\u00e9langer \u00c9lectrique\/ S\u00fbret\u00e9 du Qu\u00e9bec<\/p>\n<p><b>NEW-ZEALAND<\/b> &#8211; Energie\/Remorquage Belzil<\/p>\n<h3><span style=\"color: #cd9106;\">REGIONAL TEAMS<\/span><\/h3>\n<p><em><strong>TEAM<\/strong> &#8211; SPONSOR<\/em><\/p>\n<h5>CANADA<\/h5>\n<p><strong>\u00c9quipe Qu\u00e9bec <\/strong>&#8211; Gouvernement du Qu\u00e9bec\/ Ville d&#8217;Amos<br \/>\n<strong>Subway <\/strong>&#8211; Industrie Blais\/ CMAC Thyssen<br \/>\n<strong>Espoirs Quilicot <\/strong>&#8211; Cegep AT\/Quality Inn<br \/>\n<strong>Liftow KW Cycling Academy <\/strong>&#8211; Eldorado Gold\/ Desjardins<br \/>\n<strong>Alliance Expertismed <\/strong>&#8211; Promutuel Assurance<\/p>\n<h5>UNITED-STATES<\/h5>\n<p><strong>Vantaggio Fitness and Nutrition <\/strong>&#8211; RNC m\u00e9dia<br \/>\n<strong>North Star Development <\/strong>&#8211; Dessercom\/ CCANO<\/p>\n","protected":false},"excerpt":{"rendered":"<p>Tour de l&#8217;Abitibi Glencore 2025- MUJERES Starting list (coming soon)  [&#8230;]<\/p>\n","protected":false},"author":3,"featured_media":880,"parent":0,"menu_order":0,"comment_status":"closed","ping_status":"closed","template":"100-width.php","meta":{"footnotes":""},"class_list":["post-5221","page","type-page","status-publish","has-post-thumbnail","hentry"],"yoast_head":"<!-- This site is optimized with the Yoast SEO plugin v26.3 - https:\/\/yoast.com\/wordpress\/plugins\/seo\/ -->\n<title>Equipos - Tour de l&#039;Abitibi<\/title>\n<meta name=\"robots\" content=\"index, follow, max-snippet:-1, max-image-preview:large, max-video-preview:-1\" \/>\n<link rel=\"canonical\" href=\"https:\/\/tourabitibi.com\/es\/equipos\/\" \/>\n<meta property=\"og:locale\" content=\"es_ES\" \/>\n<meta property=\"og:type\" content=\"article\" \/>\n<meta property=\"og:title\" content=\"Equipos - Tour de l&#039;Abitibi\" \/>\n<meta property=\"og:description\" content=\"Tour de l&#8217;Abitibi Glencore 2025- MUJERES Starting list (coming soon) [...]\" \/>\n<meta property=\"og:url\" content=\"https:\/\/tourabitibi.com\/es\/equipos\/\" \/>\n<meta property=\"og:site_name\" content=\"Tour de l&#039;Abitibi\" \/>\n<meta property=\"article:modified_time\" content=\"2025-07-11T02:12:39+00:00\" \/>\n<meta property=\"og:image\" content=\"https:\/\/tourabitibi.com\/wp-content\/uploads\/2022\/04\/ptb-equipes-tour-abitibi-releve.webp\" \/>\n\t<meta property=\"og:image:width\" content=\"1920\" \/>\n\t<meta property=\"og:image:height\" content=\"498\" \/>\n\t<meta property=\"og:image:type\" content=\"image\/webp\" \/>\n<meta name=\"twitter:card\" content=\"summary_large_image\" \/>\n<script type=\"application\/ld+json\" class=\"yoast-schema-graph\">{\"@context\":\"https:\/\/schema.org\",\"@graph\":[{\"@type\":\"WebPage\",\"@id\":\"https:\/\/tourabitibi.com\/es\/equipos\/\",\"url\":\"https:\/\/tourabitibi.com\/es\/equipos\/\",\"name\":\"Equipos - Tour de l&#039;Abitibi\",\"isPartOf\":{\"@id\":\"https:\/\/tourabitibi.com\/es\/#website\"},\"primaryImageOfPage\":{\"@id\":\"https:\/\/tourabitibi.com\/es\/equipos\/#primaryimage\"},\"image\":{\"@id\":\"https:\/\/tourabitibi.com\/es\/equipos\/#primaryimage\"},\"thumbnailUrl\":\"https:\/\/tourabitibi.com\/wp-content\/uploads\/2022\/04\/ptb-equipes-tour-abitibi-releve.webp\",\"datePublished\":\"2022-03-28T14:20:03+00:00\",\"dateModified\":\"2025-07-11T02:12:39+00:00\",\"breadcrumb\":{\"@id\":\"https:\/\/tourabitibi.com\/es\/equipos\/#breadcrumb\"},\"inLanguage\":\"es\",\"potentialAction\":[{\"@type\":\"ReadAction\",\"target\":[\"https:\/\/tourabitibi.com\/es\/equipos\/\"]}]},{\"@type\":\"ImageObject\",\"inLanguage\":\"es\",\"@id\":\"https:\/\/tourabitibi.com\/es\/equipos\/#primaryimage\",\"url\":\"https:\/\/tourabitibi.com\/wp-content\/uploads\/2022\/04\/ptb-equipes-tour-abitibi-releve.webp\",\"contentUrl\":\"https:\/\/tourabitibi.com\/wp-content\/uploads\/2022\/04\/ptb-equipes-tour-abitibi-releve.webp\",\"width\":1920,\"height\":498},{\"@type\":\"BreadcrumbList\",\"@id\":\"https:\/\/tourabitibi.com\/es\/equipos\/#breadcrumb\",\"itemListElement\":[{\"@type\":\"ListItem\",\"position\":1,\"name\":\"Home\",\"item\":\"https:\/\/tourabitibi.com\/es\/\"},{\"@type\":\"ListItem\",\"position\":2,\"name\":\"Equipos\"}]},{\"@type\":\"WebSite\",\"@id\":\"https:\/\/tourabitibi.com\/es\/#website\",\"url\":\"https:\/\/tourabitibi.com\/es\/\",\"name\":\"Tour de l&#039;Abitibi\",\"description\":\"Tour de l&#039;Abitibi\",\"potentialAction\":[{\"@type\":\"SearchAction\",\"target\":{\"@type\":\"EntryPoint\",\"urlTemplate\":\"https:\/\/tourabitibi.com\/es\/?s={search_term_string}\"},\"query-input\":{\"@type\":\"PropertyValueSpecification\",\"valueRequired\":true,\"valueName\":\"search_term_string\"}}],\"inLanguage\":\"es\"}]}<\/script>\n<!-- \/ Yoast SEO plugin. -->","yoast_head_json":{"title":"Equipos - Tour de l&#039;Abitibi","robots":{"index":"index","follow":"follow","max-snippet":"max-snippet:-1","max-image-preview":"max-image-preview:large","max-video-preview":"max-video-preview:-1"},"canonical":"https:\/\/tourabitibi.com\/es\/equipos\/","og_locale":"es_ES","og_type":"article","og_title":"Equipos - Tour de l&#039;Abitibi","og_description":"Tour de l&#8217;Abitibi Glencore 2025- MUJERES Starting list (coming soon) [...]","og_url":"https:\/\/tourabitibi.com\/es\/equipos\/","og_site_name":"Tour de l&#039;Abitibi","article_modified_time":"2025-07-11T02:12:39+00:00","og_image":[{"width":1920,"height":498,"url":"https:\/\/tourabitibi.com\/wp-content\/uploads\/2022\/04\/ptb-equipes-tour-abitibi-releve.webp","type":"image\/webp"}],"twitter_card":"summary_large_image","schema":{"@context":"https:\/\/schema.org","@graph":[{"@type":"WebPage","@id":"https:\/\/tourabitibi.com\/es\/equipos\/","url":"https:\/\/tourabitibi.com\/es\/equipos\/","name":"Equipos - Tour de l&#039;Abitibi","isPartOf":{"@id":"https:\/\/tourabitibi.com\/es\/#website"},"primaryImageOfPage":{"@id":"https:\/\/tourabitibi.com\/es\/equipos\/#primaryimage"},"image":{"@id":"https:\/\/tourabitibi.com\/es\/equipos\/#primaryimage"},"thumbnailUrl":"https:\/\/tourabitibi.com\/wp-content\/uploads\/2022\/04\/ptb-equipes-tour-abitibi-releve.webp","datePublished":"2022-03-28T14:20:03+00:00","dateModified":"2025-07-11T02:12:39+00:00","breadcrumb":{"@id":"https:\/\/tourabitibi.com\/es\/equipos\/#breadcrumb"},"inLanguage":"es","potentialAction":[{"@type":"ReadAction","target":["https:\/\/tourabitibi.com\/es\/equipos\/"]}]},{"@type":"ImageObject","inLanguage":"es","@id":"https:\/\/tourabitibi.com\/es\/equipos\/#primaryimage","url":"https:\/\/tourabitibi.com\/wp-content\/uploads\/2022\/04\/ptb-equipes-tour-abitibi-releve.webp","contentUrl":"https:\/\/tourabitibi.com\/wp-content\/uploads\/2022\/04\/ptb-equipes-tour-abitibi-releve.webp","width":1920,"height":498},{"@type":"BreadcrumbList","@id":"https:\/\/tourabitibi.com\/es\/equipos\/#breadcrumb","itemListElement":[{"@type":"ListItem","position":1,"name":"Home","item":"https:\/\/tourabitibi.com\/es\/"},{"@type":"ListItem","position":2,"name":"Equipos"}]},{"@type":"WebSite","@id":"https:\/\/tourabitibi.com\/es\/#website","url":"https:\/\/tourabitibi.com\/es\/","name":"Tour de l&#039;Abitibi","description":"Tour de l&#039;Abitibi","potentialAction":[{"@type":"SearchAction","target":{"@type":"EntryPoint","urlTemplate":"https:\/\/tourabitibi.com\/es\/?s={search_term_string}"},"query-input":{"@type":"PropertyValueSpecification","valueRequired":true,"valueName":"search_term_string"}}],"inLanguage":"es"}]}},"jetpack_sharing_enabled":true,"_links":{"self":[{"href":"https:\/\/tourabitibi.com\/es\/wp-json\/wp\/v2\/pages\/5221","targetHints":{"allow":["GET"]}}],"collection":[{"href":"https:\/\/tourabitibi.com\/es\/wp-json\/wp\/v2\/pages"}],"about":[{"href":"https:\/\/tourabitibi.com\/es\/wp-json\/wp\/v2\/types\/page"}],"author":[{"embeddable":true,"href":"https:\/\/tourabitibi.com\/es\/wp-json\/wp\/v2\/users\/3"}],"replies":[{"embeddable":true,"href":"https:\/\/tourabitibi.com\/es\/wp-json\/wp\/v2\/comments?post=5221"}],"version-history":[{"count":1,"href":"https:\/\/tourabitibi.com\/es\/wp-json\/wp\/v2\/pages\/5221\/revisions"}],"predecessor-version":[{"id":5222,"href":"https:\/\/tourabitibi.com\/es\/wp-json\/wp\/v2\/pages\/5221\/revisions\/5222"}],"wp:featuredmedia":[{"embeddable":true,"href":"https:\/\/tourabitibi.com\/es\/wp-json\/wp\/v2\/media\/880"}],"wp:attachment":[{"href":"https:\/\/tourabitibi.com\/es\/wp-json\/wp\/v2\/media?parent=5221"}],"curies":[{"name":"wp","href":"https:\/\/api.w.org\/{rel}","templated":true}]}}