{"id":4778,"date":"2025-03-13T09:16:41","date_gmt":"2025-03-13T13:16:41","guid":{"rendered":"https:\/\/tourabitibi.com\/politique-de-confidentialite\/"},"modified":"2025-03-13T09:27:00","modified_gmt":"2025-03-13T13:27:00","slug":"politica-de-confidencialidad","status":"publish","type":"page","link":"https:\/\/tourabitibi.com\/es\/politica-de-confidencialidad\/","title":{"rendered":"Pol\u00edtica de confidencialidad"},"content":{"rendered":"<h2 class=\"fusion-responsive-typography-calculated\" data-fontsize=\"48\" data-lineheight=\"57.6px\"><strong>Pol\u00edtica de confidencialidad y protecci\u00f3n de datos personales<\/strong><\/h2>\n<h3 class=\"fusion-responsive-typography-calculated\" data-fontsize=\"26\" data-lineheight=\"26px\"><strong>Datos recogidos<\/strong><\/h3>\n<p>En esta Pol\u00edtica, se entiende por \u00abinformaci\u00f3n personal\u00bb cualquier informaci\u00f3n, utilizada sola o en combinaci\u00f3n con otra informaci\u00f3n, que permita identificarle, ponerse en contacto con usted o localizarle.<\/p>\n<p>Cuando visita www.tourabitibi.com, se recopila autom\u00e1ticamente determinada informaci\u00f3n mediante la herramienta Google Analytics:<em>Adresse IP<\/em><\/p>\n<ul>\n<li><em>Ubicaci\u00f3n, edad, sexo<\/em><\/li>\n<li><em>Detalles de hardware y software<\/em><\/li>\n<li><em>Contenido que el usuario consulta en nuestro sitio<\/em><\/li>\n<li><em>Enlaces en los que un usuario hace clic al ir al sitio<\/em><\/li>\n<\/ul>\n<p>Tambi\u00e9n se recogen otros datos de forma no autom\u00e1tica a trav\u00e9s de formularios de contacto. Esto incluye los siguientes datos:<\/p>\n<p><em>\u2013 Nombre, Apellidos<\/em><\/p>\n<p><em>\u2013 Correo electr\u00f3nico<\/em><\/p>\n<p><em>\u2013 N\u00famero de tel\u00e9fono<\/em><\/p>\n<p>Es importante se\u00f1alar que Tour de l&#8217;Abitibi no recopila, procesa ni almacena su informaci\u00f3n financiera, como datos bancarios o informaci\u00f3n sobre tarjetas de cr\u00e9dito. Para obtener m\u00e1s informaci\u00f3n sobre la recopilaci\u00f3n, el tratamiento o el almacenamiento de dicha informaci\u00f3n, consulte las condiciones y pol\u00edticas de nuestros socios.<\/p>\n<h3 class=\"fusion-responsive-typography-calculated\" data-fontsize=\"26\" data-lineheight=\"26px\"><strong>Utilizaci\u00f3n de datos<\/strong><\/h3>\n<p>S\u00f3lo recopilamos los datos que nos ayudan a lograr el prop\u00f3sito establecido en esta Pol\u00edtica. No recopilaremos ning\u00fan dato adicional sin informarle previamente.<\/p>\n<p>Utilizamos estos datos en particular para:<\/p>\n<p><em>\u2013 Para cumplir contratos<\/em><\/p>\n<p><em>\u2013 Para enviar ofertas promocionales y comunicaciones espec\u00edficas a trav\u00e9s de nuestro bolet\u00edn de noticias<\/em><\/p>\n<p><em>\u2013 Para realizar an\u00e1lisis estad\u00edsticos con el fin de mejorar el sitio web<\/em><\/p>\n<p><em>\u2013 Para realizar un seguimiento de su caso<\/em><\/p>\n<p><em>\u2013 Como parte de un protocolo de seguridad de datos<\/em><\/p>\n<h3 class=\"fusion-responsive-typography-calculated\" data-fontsize=\"26\" data-lineheight=\"26px\"><strong>Medidas de seguridad<\/strong><\/h3>\n<p>La informaci\u00f3n personal que recopilamos se guarda en un entorno seguro y controlado. Las personas que trabajan para nosotros est\u00e1n obligadas a respetar la confidencialidad de sus datos.<\/p>\n<p>Para garantizar la seguridad de su informaci\u00f3n personal, utilizamos las siguientes medidas:<\/p>\n<p><em>\u2013 Protocolo SSL\/TLS<\/em><\/p>\n<p><em>\u2013 Protocolo SET<\/em><\/p>\n<p><em>\u2013 Gesti\u00f3n de acceso<\/em><\/p>\n<p><em>\u2013 Persona autorizada<\/em><\/p>\n<p><em>\u2013 Gesti\u00f3n de acceso<\/em><\/p>\n<p><em>\u2013 Persona interesada<\/em><\/p>\n<p><em>\u2013 Doble autenticaci\u00f3n<\/em><\/p>\n<p><em>\u2013 Software de supervisi\u00f3n de red<\/em><\/p>\n<p><em>\u2013 Copia de seguridad inform\u00e1tica<\/em><\/p>\n<p><em>\u2013 Identificador\/contrase\u00f1a<\/em><\/p>\n<p><em>\u2013 Software de gesti\u00f3n de contrase\u00f1as<\/em><\/p>\n<p><em>\u2013 Cortafuegos<\/em><\/p>\n<h3 class=\"fusion-responsive-typography-calculated\" data-fontsize=\"26\" data-lineheight=\"26px\"><strong>Transferencia internacional de los datos recogidos<\/strong><\/h3>\n<p>Los datos del usuario pueden consultarse, tratarse o recopilarse en los siguientes pa\u00edses: Canad\u00e1 y, por lo que respecta a nuestro sitio web, cualquier pa\u00eds en el que se encuentre el usuario.<\/p>\n<h3 class=\"fusion-responsive-typography-calculated\" data-fontsize=\"26\" data-lineheight=\"26px\"><strong>Duraci\u00f3n del tratamiento de datos<\/strong><\/h3>\n<p>Almacenamos los datos personales durante un periodo ilimitado. Puede ponerse en contacto con nosotros si desea modificar, eliminar o anonimizar sus datos personales.<\/p>\n<h3 class=\"fusion-responsive-typography-calculated\" data-fontsize=\"26\" data-lineheight=\"26px\"><strong>Gesti\u00f3n de incidentes de seguridad<\/strong><\/h3>\n<p>En caso de filtraci\u00f3n de sus datos personales, le mantendremos informado e informaremos del incidente a la Commission d\u2019acc\u00e8s \u00e0 l\u2019information du Qu\u00e9bec, de conformidad con la Ley 25.<\/p>\n<h3 class=\"fusion-responsive-typography-calculated\" data-fontsize=\"26\" data-lineheight=\"26px\"><strong>Derechos de acceso, oposici\u00f3n y retirada<\/strong><\/h3>\n<p>Si usted reside en Quebec, de conformidad con la Ley 25, tiene derechos espec\u00edficos en relaci\u00f3n con sus datos personales:<\/p>\n<p><em>\u2013 Derecho a ser informado<\/em><\/p>\n<p><em>\u2013 Derecho de acceso<\/em><\/p>\n<p><em>\u2013 Derecho de rectificaci\u00f3n<\/em><\/p>\n<p><em>\u2013 Derecho a la portabilidad de datos<\/em><\/p>\n<p>Tiene derecho a oponerse al uso de sus datos y a retirarlos. Tambi\u00e9n puede consultarlos o modificarlos. Para ejercer estos derechos, p\u00f3ngase en contacto con nuestro responsable de protecci\u00f3n de datos:<\/p>\n<p><strong>Myriam Audet, Responsable de Protecci\u00f3n de Datos<\/strong><\/p>\n<p>1122, 8e Rue \u2013 Suite 201<\/p>\n<p>Val-d\u2019Or (Qu\u00e9bec)\u00a0 J9P 3N6<\/p>\n<p>819.290.3612<\/p>\n<p>Puede visitar nuestro sitio sin revelar su identidad. Sin embargo, algunas funciones requieren la recogida de datos personales. Siempre puede optar por no facilitar esta informaci\u00f3n.<\/p>\n<p>El proyecto de ley 25 especifica que los menores de 14 a\u00f1os se consideran menores a efectos de recogida de datos. No se podr\u00e1 recabar de ellos informaci\u00f3n personal sin el consentimiento del titular de la patria potestad o tutor, salvo cuando dicha recogida redunde claramente en beneficio del menor.<\/p>\n<h3 class=\"fusion-responsive-typography-calculated\" data-fontsize=\"26\" data-lineheight=\"26px\"><strong>Enlaces externos<\/strong><\/h3>\n<p>Esta Pol\u00edtica se aplica a nuestro sitio web. Sin embargo, nos gustar\u00eda se\u00f1alar que las obligaciones descritas en esta Pol\u00edtica no cubren los sitios web de terceros, que tienen sus propias pol\u00edticas de privacidad sobre las que no tenemos ning\u00fan control.<\/p>\n<h3 class=\"fusion-responsive-typography-calculated\" data-fontsize=\"26\" data-lineheight=\"26px\"><strong>Legislaci\u00f3n<\/strong><\/h3>\n<p>Tourabitibi.com cumple estrictamente con la Ley 25 de Quebec relativa a la protecci\u00f3n de la informaci\u00f3n personal. Nos comprometemos a cumplir las disposiciones legislativas establecidas en la legislaci\u00f3n canadiense. Nos comprometemos a no vender ni compartir sus datos con terceros, salvo obligaci\u00f3n legal o en caso de procedimiento judicial.<\/p>\n","protected":false},"excerpt":{"rendered":"<p>Pol\u00edtica de confidencialidad y protecci\u00f3n de datos personales Datos recogidos  [&#8230;]<\/p>\n","protected":false},"author":1,"featured_media":0,"parent":0,"menu_order":0,"comment_status":"closed","ping_status":"closed","template":"","meta":{"footnotes":""},"class_list":["post-4778","page","type-page","status-publish","hentry"],"yoast_head":"<!-- This site is optimized with the Yoast SEO plugin v26.3 - https:\/\/yoast.com\/wordpress\/plugins\/seo\/ -->\n<title>Pol\u00edtica de confidencialidad - Tour de l&#039;Abitibi<\/title>\n<meta name=\"robots\" content=\"index, follow, max-snippet:-1, max-image-preview:large, max-video-preview:-1\" \/>\n<link rel=\"canonical\" href=\"https:\/\/tourabitibi.com\/es\/politica-de-confidencialidad\/\" \/>\n<meta property=\"og:locale\" content=\"es_ES\" \/>\n<meta property=\"og:type\" content=\"article\" \/>\n<meta property=\"og:title\" content=\"Pol\u00edtica de confidencialidad - Tour de l&#039;Abitibi\" \/>\n<meta property=\"og:description\" content=\"Pol\u00edtica de confidencialidad y protecci\u00f3n de datos personales Datos recogidos [...]\" \/>\n<meta property=\"og:url\" content=\"https:\/\/tourabitibi.com\/es\/politica-de-confidencialidad\/\" \/>\n<meta property=\"og:site_name\" content=\"Tour de l&#039;Abitibi\" \/>\n<meta property=\"article:modified_time\" content=\"2025-03-13T13:27:00+00:00\" \/>\n<meta property=\"og:image\" content=\"https:\/\/tourabitibi.com\/wp-content\/uploads\/2022\/04\/tour-abitibi-en-images-gallerie-photo-12-1.webp\" \/>\n\t<meta property=\"og:image:width\" content=\"800\" \/>\n\t<meta property=\"og:image:height\" content=\"534\" \/>\n\t<meta property=\"og:image:type\" content=\"image\/webp\" \/>\n<meta name=\"twitter:card\" content=\"summary_large_image\" \/>\n<meta name=\"twitter:label1\" content=\"Tiempo de lectura\" \/>\n\t<meta name=\"twitter:data1\" content=\"4 minutos\" \/>\n<script type=\"application\/ld+json\" class=\"yoast-schema-graph\">{\"@context\":\"https:\/\/schema.org\",\"@graph\":[{\"@type\":\"WebPage\",\"@id\":\"https:\/\/tourabitibi.com\/es\/politica-de-confidencialidad\/\",\"url\":\"https:\/\/tourabitibi.com\/es\/politica-de-confidencialidad\/\",\"name\":\"Pol\u00edtica de confidencialidad - Tour de l&#039;Abitibi\",\"isPartOf\":{\"@id\":\"https:\/\/tourabitibi.com\/es\/#website\"},\"datePublished\":\"2025-03-13T13:16:41+00:00\",\"dateModified\":\"2025-03-13T13:27:00+00:00\",\"breadcrumb\":{\"@id\":\"https:\/\/tourabitibi.com\/es\/politica-de-confidencialidad\/#breadcrumb\"},\"inLanguage\":\"es\",\"potentialAction\":[{\"@type\":\"ReadAction\",\"target\":[\"https:\/\/tourabitibi.com\/es\/politica-de-confidencialidad\/\"]}]},{\"@type\":\"BreadcrumbList\",\"@id\":\"https:\/\/tourabitibi.com\/es\/politica-de-confidencialidad\/#breadcrumb\",\"itemListElement\":[{\"@type\":\"ListItem\",\"position\":1,\"name\":\"Home\",\"item\":\"https:\/\/tourabitibi.com\/es\/\"},{\"@type\":\"ListItem\",\"position\":2,\"name\":\"Pol\u00edtica de confidencialidad\"}]},{\"@type\":\"WebSite\",\"@id\":\"https:\/\/tourabitibi.com\/es\/#website\",\"url\":\"https:\/\/tourabitibi.com\/es\/\",\"name\":\"Tour de l&#039;Abitibi\",\"description\":\"Tour de l&#039;Abitibi\",\"potentialAction\":[{\"@type\":\"SearchAction\",\"target\":{\"@type\":\"EntryPoint\",\"urlTemplate\":\"https:\/\/tourabitibi.com\/es\/?s={search_term_string}\"},\"query-input\":{\"@type\":\"PropertyValueSpecification\",\"valueRequired\":true,\"valueName\":\"search_term_string\"}}],\"inLanguage\":\"es\"}]}<\/script>\n<!-- \/ Yoast SEO plugin. -->","yoast_head_json":{"title":"Pol\u00edtica de confidencialidad - Tour de l&#039;Abitibi","robots":{"index":"index","follow":"follow","max-snippet":"max-snippet:-1","max-image-preview":"max-image-preview:large","max-video-preview":"max-video-preview:-1"},"canonical":"https:\/\/tourabitibi.com\/es\/politica-de-confidencialidad\/","og_locale":"es_ES","og_type":"article","og_title":"Pol\u00edtica de confidencialidad - Tour de l&#039;Abitibi","og_description":"Pol\u00edtica de confidencialidad y protecci\u00f3n de datos personales Datos recogidos [...]","og_url":"https:\/\/tourabitibi.com\/es\/politica-de-confidencialidad\/","og_site_name":"Tour de l&#039;Abitibi","article_modified_time":"2025-03-13T13:27:00+00:00","og_image":[{"width":800,"height":534,"url":"https:\/\/tourabitibi.com\/wp-content\/uploads\/2022\/04\/tour-abitibi-en-images-gallerie-photo-12-1.webp","type":"image\/webp"}],"twitter_card":"summary_large_image","twitter_misc":{"Tiempo de lectura":"4 minutos"},"schema":{"@context":"https:\/\/schema.org","@graph":[{"@type":"WebPage","@id":"https:\/\/tourabitibi.com\/es\/politica-de-confidencialidad\/","url":"https:\/\/tourabitibi.com\/es\/politica-de-confidencialidad\/","name":"Pol\u00edtica de confidencialidad - Tour de l&#039;Abitibi","isPartOf":{"@id":"https:\/\/tourabitibi.com\/es\/#website"},"datePublished":"2025-03-13T13:16:41+00:00","dateModified":"2025-03-13T13:27:00+00:00","breadcrumb":{"@id":"https:\/\/tourabitibi.com\/es\/politica-de-confidencialidad\/#breadcrumb"},"inLanguage":"es","potentialAction":[{"@type":"ReadAction","target":["https:\/\/tourabitibi.com\/es\/politica-de-confidencialidad\/"]}]},{"@type":"BreadcrumbList","@id":"https:\/\/tourabitibi.com\/es\/politica-de-confidencialidad\/#breadcrumb","itemListElement":[{"@type":"ListItem","position":1,"name":"Home","item":"https:\/\/tourabitibi.com\/es\/"},{"@type":"ListItem","position":2,"name":"Pol\u00edtica de confidencialidad"}]},{"@type":"WebSite","@id":"https:\/\/tourabitibi.com\/es\/#website","url":"https:\/\/tourabitibi.com\/es\/","name":"Tour de l&#039;Abitibi","description":"Tour de l&#039;Abitibi","potentialAction":[{"@type":"SearchAction","target":{"@type":"EntryPoint","urlTemplate":"https:\/\/tourabitibi.com\/es\/?s={search_term_string}"},"query-input":{"@type":"PropertyValueSpecification","valueRequired":true,"valueName":"search_term_string"}}],"inLanguage":"es"}]}},"jetpack_sharing_enabled":true,"_links":{"self":[{"href":"https:\/\/tourabitibi.com\/es\/wp-json\/wp\/v2\/pages\/4778","targetHints":{"allow":["GET"]}}],"collection":[{"href":"https:\/\/tourabitibi.com\/es\/wp-json\/wp\/v2\/pages"}],"about":[{"href":"https:\/\/tourabitibi.com\/es\/wp-json\/wp\/v2\/types\/page"}],"author":[{"embeddable":true,"href":"https:\/\/tourabitibi.com\/es\/wp-json\/wp\/v2\/users\/1"}],"replies":[{"embeddable":true,"href":"https:\/\/tourabitibi.com\/es\/wp-json\/wp\/v2\/comments?post=4778"}],"version-history":[{"count":3,"href":"https:\/\/tourabitibi.com\/es\/wp-json\/wp\/v2\/pages\/4778\/revisions"}],"predecessor-version":[{"id":4781,"href":"https:\/\/tourabitibi.com\/es\/wp-json\/wp\/v2\/pages\/4778\/revisions\/4781"}],"wp:attachment":[{"href":"https:\/\/tourabitibi.com\/es\/wp-json\/wp\/v2\/media?parent=4778"}],"curies":[{"name":"wp","href":"https:\/\/api.w.org\/{rel}","templated":true}]}}