{"id":1555,"date":"2022-03-29T10:51:06","date_gmt":"2022-03-29T14:51:06","guid":{"rendered":"https:\/\/tourabitibi.com\/?page_id=1555"},"modified":"2022-05-19T15:07:13","modified_gmt":"2022-05-19T19:07:13","slug":"ciudadanos","status":"publish","type":"page","link":"https:\/\/tourabitibi.com\/es\/ciudadanos\/","title":{"rendered":"Ciudadanos"},"content":{"rendered":"<div class=\"fusion-fullwidth fullwidth-box fusion-builder-row-1 fusion-flex-container nonhundred-percent-fullwidth non-hundred-percent-height-scrolling\" style=\"--link_color: var(--awb-color2);--awb-border-radius-top-left:0px;--awb-border-radius-top-right:0px;--awb-border-radius-bottom-right:0px;--awb-border-radius-bottom-left:0px;--awb-background-color:#ffffff;--awb-flex-wrap:wrap;\" ><div class=\"fusion-builder-row fusion-row fusion-flex-align-items-flex-start fusion-flex-content-wrap\" style=\"max-width:1620.32px;margin-left: calc(-4% \/ 2 );margin-right: calc(-4% \/ 2 );\"><div class=\"fusion-layout-column fusion_builder_column fusion-builder-column-0 fusion_builder_column_1_2 1_2 fusion-flex-column fusion-flex-align-self-flex-start\" style=\"--awb-padding-bottom:25px;--awb-bg-size:cover;--awb-width-large:50%;--awb-margin-top-large:0px;--awb-spacing-right-large:3.84%;--awb-margin-bottom-large:0px;--awb-spacing-left-large:3.84%;--awb-width-medium:50%;--awb-order-medium:0;--awb-spacing-right-medium:3.84%;--awb-spacing-left-medium:3.84%;--awb-width-small:100%;--awb-order-small:0;--awb-spacing-right-small:1.92%;--awb-spacing-left-small:1.92%;\"><div class=\"fusion-column-wrapper fusion-column-has-shadow fusion-flex-justify-content-flex-start fusion-content-layout-row fusion-flex-align-items-center\"><div class=\"fusion-menu-anchor\" id=\"benevolat\"><\/div><div class=\"fusion-title title fusion-title-1 fusion-sep-none fusion-title-text fusion-title-size-two\"><h2 class=\"fusion-title-heading title-heading-left fusion-responsive-typography-calculated\" style=\"margin:0;--fontSize:45;line-height:var(--awb-typography1-line-height);\">Voluntarios<\/h2><\/div><div class=\"fusion-text fusion-text-1 fusion-text-no-margin\" style=\"--awb-text-transform:none;--awb-margin-bottom:25px;\"><p>El comit\u00e9 organizador de la 52<sup>a<\/sup> edici\u00f3n del Tour de l\u2019Abitibi est\u00e1 buscando actualmente voluntarios en todos los comit\u00e9s para la competici\u00f3n del 11 al 17 de julio de 2022. Su participaci\u00f3n es, cada a\u00f1o, esencial para el \u00e9xito del evento.<\/p>\n<p>Adem\u00e1s de vivir una experiencia incomparable, el Tour se compromete en abastecer las comidas y las colaciones para los voluntarios en el sitio. \u00a1Todos los voluntarios tambi\u00e9n correr\u00e1n la oportunidad de ganar grandes precios!<\/p>\n<\/div><div ><a class=\"fusion-button button-flat fusion-button-default-size button-default fusion-button-default button-1 fusion-button-default-span fusion-button-default-type\" style=\"--button-border-radius-top-left:0;--button-border-radius-top-right:0;--button-border-radius-bottom-right:0;--button-border-radius-bottom-left:0;\" target=\"_self\" href=\"\/es\/contactar?send-to=benevolat\"><span class=\"fusion-button-text awb-button__text awb-button__text--default\"> \u00a1Quiero ser voluntario!<\/span><\/a><\/div><\/div><\/div><div class=\"fusion-layout-column fusion_builder_column fusion-builder-column-1 fusion-flex-column\" style=\"--awb-bg-size:cover;--awb-width-large:10%;--awb-margin-top-large:0px;--awb-spacing-right-large:19.2%;--awb-margin-bottom-large:20px;--awb-spacing-left-large:19.2%;--awb-width-medium:10%;--awb-order-medium:0;--awb-spacing-right-medium:19.2%;--awb-spacing-left-medium:19.2%;--awb-width-small:100%;--awb-order-small:0;--awb-spacing-right-small:1.92%;--awb-spacing-left-small:1.92%;\"><div class=\"fusion-column-wrapper fusion-column-has-shadow fusion-flex-justify-content-flex-start fusion-content-layout-column\"><\/div><\/div><div class=\"fusion-layout-column fusion_builder_column fusion-builder-column-2 fusion_builder_column_1_3 1_3 fusion-flex-column\" style=\"--awb-padding-top-small:55px;--awb-bg-size:cover;--awb-width-large:33.333333333333%;--awb-margin-top-large:0px;--awb-spacing-right-large:5.76%;--awb-margin-bottom-large:0px;--awb-spacing-left-large:5.76%;--awb-width-medium:33.333333333333%;--awb-order-medium:0;--awb-spacing-right-medium:5.76%;--awb-spacing-left-medium:5.76%;--awb-width-small:100%;--awb-order-small:0;--awb-spacing-right-small:1.92%;--awb-spacing-left-small:1.92%;\"><div class=\"fusion-column-wrapper fusion-column-has-shadow fusion-flex-justify-content-flex-start fusion-content-layout-column\"><div class=\"fusion-content-boxes content-boxes columns row fusion-columns-1 fusion-columns-total-1 fusion-content-boxes-1 content-boxes-icon-boxed content-left\" style=\"--awb-hover-accent-color:var(--awb-color1);--awb-circle-hover-accent-color:var(--awb-color1);--awb-item-margin-bottom:40px;\" data-animationOffset=\"top-into-view\"><div style=\"--awb-backgroundcolor:var(--awb-color3);--awb-iconcolor:var(--awb-color3);\" class=\"fusion-column content-box-column content-box-column content-box-column-1 col-lg-12 col-md-12 col-sm-12 fusion-content-box-hover content-box-column-last content-box-column-last-in-row\"><div class=\"col content-box-wrapper content-wrapper-background content-wrapper-boxed link-area-box link-type-button icon-hover-animation-pulsate\" data-link=\"\/es\/contactar?send-to=benevolat\" data-link-target=\"_self\" data-animationOffset=\"top-into-view\"><div class=\"heading heading-with-icon icon-left\"><a class=\"heading-link\" href=\"\/es\/contactar?send-to=benevolat\" target=\"_self\"><div class=\"icon\"><i style=\"border-color:var(--awb-color8);border-width:0px;background-color:var(--awb-color1);box-sizing:content-box;height:80px;width:80px;line-height:80px;top:-90px;margin-left:-40px;border-radius:50%;font-size:40px;\" aria-hidden=\"true\" class=\"fontawesome-icon fa-user-friends fas circle-yes fa-flip-horizontal\"><\/i><\/div><h2 class=\"content-box-heading fusion-responsive-typography-calculated\" style=\"--h2_typography-font-size:24px;--fontSize:24;line-height:var(--awb-typography1-line-height);\">\u00danete a nosotros!<\/h2><\/a><\/div><div class=\"fusion-clearfix\"><\/div><div class=\"content-container\">\n<p>819 797-7110, ext 7476<\/p>\n<\/div><div class=\"fusion-clearfix\"><\/div><a class=\"fusion-read-more-button fusion-content-box-button fusion-button button-default fusion-button-default-size button- button-flat\" href=\"\/es\/contactar?send-to=benevolat\" target=\"_self\"><span class=\"fusion-button-text\">formulario en linea<\/span><\/a><div class=\"fusion-clearfix\"><\/div><\/div><\/div><div class=\"fusion-clearfix\"><\/div><\/div><\/div><\/div><div class=\"fusion-layout-column fusion_builder_column fusion-builder-column-3 fusion_builder_column_1_1 1_1 fusion-flex-column\" style=\"--awb-bg-size:cover;--awb-width-large:100%;--awb-margin-top-large:0px;--awb-spacing-right-large:1.92%;--awb-margin-bottom-large:20px;--awb-spacing-left-large:1.92%;--awb-width-medium:100%;--awb-order-medium:0;--awb-spacing-right-medium:1.92%;--awb-spacing-left-medium:1.92%;--awb-width-small:100%;--awb-order-small:0;--awb-spacing-right-small:1.92%;--awb-spacing-left-small:1.92%;\"><div class=\"fusion-column-wrapper fusion-column-has-shadow fusion-flex-justify-content-flex-start fusion-content-layout-column\"><div class=\"fusion-menu-anchor\" id=\"rues-fermees\"><\/div><div class=\"fusion-title title fusion-title-2 fusion-sep-none fusion-title-text fusion-title-size-two\"><h2 class=\"fusion-title-heading title-heading-left fusion-responsive-typography-calculated\" style=\"margin:0;--fontSize:45;line-height:var(--awb-typography1-line-height);\">Calles afectadas<\/h2><\/div><\/div><\/div><div class=\"fusion-layout-column fusion_builder_column fusion-builder-column-4 fusion_builder_column_1_2 1_2 fusion-flex-column\" style=\"--awb-bg-size:cover;--awb-border-color:#ffffff;--awb-border-style:solid;--awb-width-large:50%;--awb-margin-top-large:0px;--awb-spacing-right-large:3.84%;--awb-margin-bottom-large:30px;--awb-spacing-left-large:3.84%;--awb-width-medium:50%;--awb-order-medium:0;--awb-spacing-right-medium:3.84%;--awb-spacing-left-medium:3.84%;--awb-width-small:100%;--awb-order-small:0;--awb-spacing-right-small:1.92%;--awb-spacing-left-small:1.92%;\"><div class=\"fusion-column-wrapper fusion-column-has-shadow fusion-flex-justify-content-center fusion-content-layout-column\"><div class=\"fusion-builder-row fusion-builder-row-inner fusion-row fusion-flex-align-items-flex-start fusion-flex-content-wrap\" style=\"width:104% !important;max-width:104% !important;margin-left: calc(-4% \/ 2 );margin-right: calc(-4% \/ 2 );\"><div class=\"fusion-layout-column fusion_builder_column_inner fusion-builder-nested-column-0 fusion_builder_column_inner_1_1 1_1 fusion-flex-column transformcontent fusion-column-inner-bg-wrapper fusion-column-liftup-border\" style=\"--awb-padding-top:25px;--awb-padding-bottom:25px;--awb-inner-bg-color:rgba(20,22,23,0.1);--awb-inner-bg-color-hover:rgba(20,22,23,0.1);--awb-inner-bg-size:cover;--awb-width-large:100%;--awb-margin-top-large:0px;--awb-spacing-right-large:1.92%;--awb-margin-bottom-large:6px;--awb-spacing-left-large:1.92%;--awb-width-medium:100%;--awb-order-medium:0;--awb-spacing-right-medium:1.92%;--awb-spacing-left-medium:1.92%;--awb-width-small:100%;--awb-order-small:0;--awb-spacing-right-small:1.92%;--awb-spacing-left-small:1.92%;\"><span class=\"fusion-column-inner-bg hover-type-liftup\"><span class=\"fusion-column-anchor\" rel=\"noopener noreferrer\" target=\"_blank\"><span class=\"fusion-column-inner-bg-image\"><\/span><\/span><\/span><div class=\"fusion-column-wrapper fusion-flex-justify-content-space-evenly fusion-content-layout-row fusion-flex-align-items-center\"><div class=\"fusion-text fusion-text-2 fusion-text-no-margin\" style=\"--awb-font-size:20px;--awb-line-height:1;--awb-text-transform:none;\"><p>CALLES CERRADAS<\/p>\n<\/div><\/div><\/div><div class=\"fusion-layout-column fusion_builder_column_inner fusion-builder-nested-column-1 fusion_builder_column_inner_1_1 1_1 fusion-flex-column transformcontent fusion-column-inner-bg-wrapper fusion-column-liftup-border\" style=\"--awb-padding-top:25px;--awb-padding-bottom:25px;--awb-inner-bg-color:rgba(20,22,23,0.1);--awb-inner-bg-color-hover:rgba(20,22,23,0.1);--awb-inner-bg-size:cover;--awb-width-large:100%;--awb-margin-top-large:0px;--awb-spacing-right-large:1.92%;--awb-margin-bottom-large:6px;--awb-spacing-left-large:1.92%;--awb-width-medium:100%;--awb-order-medium:0;--awb-spacing-right-medium:1.92%;--awb-spacing-left-medium:1.92%;--awb-width-small:100%;--awb-order-small:0;--awb-spacing-right-small:1.92%;--awb-spacing-left-small:1.92%;\"><span class=\"fusion-column-inner-bg hover-type-liftup\"><span class=\"fusion-column-anchor\" rel=\"noopener noreferrer\" target=\"_blank\"><span class=\"fusion-column-inner-bg-image\"><\/span><\/span><\/span><div class=\"fusion-column-wrapper fusion-flex-justify-content-space-evenly fusion-content-layout-row fusion-flex-align-items-center\"><div class=\"fusion-text fusion-text-3 fusion-text-no-margin\" style=\"--awb-font-size:20px;--awb-line-height:1;--awb-text-transform:none;\"><p>CALLES AFECTADAS<\/p>\n<\/div><\/div><\/div><div class=\"fusion-layout-column fusion_builder_column_inner fusion-builder-nested-column-2 fusion_builder_column_inner_1_1 1_1 fusion-flex-column transformcontent fusion-column-inner-bg-wrapper fusion-column-liftup-border\" style=\"--awb-padding-top:25px;--awb-padding-bottom:25px;--awb-inner-bg-color:rgba(20,22,23,0.1);--awb-inner-bg-color-hover:rgba(20,22,23,0.1);--awb-inner-bg-size:cover;--awb-width-large:100%;--awb-margin-top-large:0px;--awb-spacing-right-large:1.92%;--awb-margin-bottom-large:6px;--awb-spacing-left-large:1.92%;--awb-width-medium:100%;--awb-order-medium:0;--awb-spacing-right-medium:1.92%;--awb-spacing-left-medium:1.92%;--awb-width-small:100%;--awb-order-small:0;--awb-spacing-right-small:1.92%;--awb-spacing-left-small:1.92%;\"><span class=\"fusion-column-inner-bg hover-type-liftup\"><span class=\"fusion-column-anchor\" rel=\"noopener noreferrer\" target=\"_blank\"><span class=\"fusion-column-inner-bg-image\"><\/span><\/span><\/span><div class=\"fusion-column-wrapper fusion-flex-justify-content-space-evenly fusion-content-layout-row fusion-flex-align-items-center\"><div class=\"fusion-text fusion-text-4 fusion-text-no-margin\" style=\"--awb-font-size:20px;--awb-line-height:1;--awb-text-transform:none;\"><p>PUNTO DE FUGA<\/p>\n<\/div><\/div><\/div><\/div><\/div><\/div><\/div><\/div>\n","protected":false},"excerpt":{"rendered":"","protected":false},"author":1,"featured_media":867,"parent":0,"menu_order":0,"comment_status":"closed","ping_status":"closed","template":"100-width.php","meta":{"footnotes":""},"class_list":["post-1555","page","type-page","status-publish","has-post-thumbnail","hentry"],"yoast_head":"<!-- This site is optimized with the Yoast SEO plugin v26.3 - https:\/\/yoast.com\/wordpress\/plugins\/seo\/ -->\n<title>Ciudadanos - Tour de l&#039;Abitibi<\/title>\n<meta name=\"robots\" content=\"index, follow, max-snippet:-1, max-image-preview:large, max-video-preview:-1\" \/>\n<link rel=\"canonical\" href=\"https:\/\/tourabitibi.com\/es\/ciudadanos\/\" \/>\n<meta property=\"og:locale\" content=\"es_ES\" \/>\n<meta property=\"og:type\" content=\"article\" \/>\n<meta property=\"og:title\" content=\"Ciudadanos - Tour de l&#039;Abitibi\" \/>\n<meta property=\"og:url\" content=\"https:\/\/tourabitibi.com\/es\/ciudadanos\/\" \/>\n<meta property=\"og:site_name\" content=\"Tour de l&#039;Abitibi\" \/>\n<meta property=\"article:modified_time\" content=\"2022-05-19T19:07:13+00:00\" \/>\n<meta property=\"og:image\" content=\"https:\/\/tourabitibi.com\/wp-content\/uploads\/2022\/04\/ptb-citoyens-benevoles-tour-abitibi-releve.webp\" \/>\n\t<meta property=\"og:image:width\" content=\"1920\" \/>\n\t<meta property=\"og:image:height\" content=\"498\" \/>\n\t<meta property=\"og:image:type\" content=\"image\/webp\" \/>\n<meta name=\"twitter:card\" content=\"summary_large_image\" \/>\n<meta name=\"twitter:label1\" content=\"Tiempo de lectura\" \/>\n\t<meta name=\"twitter:data1\" content=\"6 minutos\" \/>\n<script type=\"application\/ld+json\" class=\"yoast-schema-graph\">{\"@context\":\"https:\/\/schema.org\",\"@graph\":[{\"@type\":\"WebPage\",\"@id\":\"https:\/\/tourabitibi.com\/es\/ciudadanos\/\",\"url\":\"https:\/\/tourabitibi.com\/es\/ciudadanos\/\",\"name\":\"Ciudadanos - Tour de l&#039;Abitibi\",\"isPartOf\":{\"@id\":\"https:\/\/tourabitibi.com\/es\/#website\"},\"primaryImageOfPage\":{\"@id\":\"https:\/\/tourabitibi.com\/es\/ciudadanos\/#primaryimage\"},\"image\":{\"@id\":\"https:\/\/tourabitibi.com\/es\/ciudadanos\/#primaryimage\"},\"thumbnailUrl\":\"https:\/\/tourabitibi.com\/wp-content\/uploads\/2022\/04\/ptb-citoyens-benevoles-tour-abitibi-releve.webp\",\"datePublished\":\"2022-03-29T14:51:06+00:00\",\"dateModified\":\"2022-05-19T19:07:13+00:00\",\"breadcrumb\":{\"@id\":\"https:\/\/tourabitibi.com\/es\/ciudadanos\/#breadcrumb\"},\"inLanguage\":\"es\",\"potentialAction\":[{\"@type\":\"ReadAction\",\"target\":[\"https:\/\/tourabitibi.com\/es\/ciudadanos\/\"]}]},{\"@type\":\"ImageObject\",\"inLanguage\":\"es\",\"@id\":\"https:\/\/tourabitibi.com\/es\/ciudadanos\/#primaryimage\",\"url\":\"https:\/\/tourabitibi.com\/wp-content\/uploads\/2022\/04\/ptb-citoyens-benevoles-tour-abitibi-releve.webp\",\"contentUrl\":\"https:\/\/tourabitibi.com\/wp-content\/uploads\/2022\/04\/ptb-citoyens-benevoles-tour-abitibi-releve.webp\",\"width\":1920,\"height\":498},{\"@type\":\"BreadcrumbList\",\"@id\":\"https:\/\/tourabitibi.com\/es\/ciudadanos\/#breadcrumb\",\"itemListElement\":[{\"@type\":\"ListItem\",\"position\":1,\"name\":\"Home\",\"item\":\"https:\/\/tourabitibi.com\/es\/\"},{\"@type\":\"ListItem\",\"position\":2,\"name\":\"Ciudadanos\"}]},{\"@type\":\"WebSite\",\"@id\":\"https:\/\/tourabitibi.com\/es\/#website\",\"url\":\"https:\/\/tourabitibi.com\/es\/\",\"name\":\"Tour de l&#039;Abitibi\",\"description\":\"Tour de l&#039;Abitibi\",\"potentialAction\":[{\"@type\":\"SearchAction\",\"target\":{\"@type\":\"EntryPoint\",\"urlTemplate\":\"https:\/\/tourabitibi.com\/es\/?s={search_term_string}\"},\"query-input\":{\"@type\":\"PropertyValueSpecification\",\"valueRequired\":true,\"valueName\":\"search_term_string\"}}],\"inLanguage\":\"es\"}]}<\/script>\n<!-- \/ Yoast SEO plugin. -->","yoast_head_json":{"title":"Ciudadanos - Tour de l&#039;Abitibi","robots":{"index":"index","follow":"follow","max-snippet":"max-snippet:-1","max-image-preview":"max-image-preview:large","max-video-preview":"max-video-preview:-1"},"canonical":"https:\/\/tourabitibi.com\/es\/ciudadanos\/","og_locale":"es_ES","og_type":"article","og_title":"Ciudadanos - Tour de l&#039;Abitibi","og_url":"https:\/\/tourabitibi.com\/es\/ciudadanos\/","og_site_name":"Tour de l&#039;Abitibi","article_modified_time":"2022-05-19T19:07:13+00:00","og_image":[{"width":1920,"height":498,"url":"https:\/\/tourabitibi.com\/wp-content\/uploads\/2022\/04\/ptb-citoyens-benevoles-tour-abitibi-releve.webp","type":"image\/webp"}],"twitter_card":"summary_large_image","twitter_misc":{"Tiempo de lectura":"6 minutos"},"schema":{"@context":"https:\/\/schema.org","@graph":[{"@type":"WebPage","@id":"https:\/\/tourabitibi.com\/es\/ciudadanos\/","url":"https:\/\/tourabitibi.com\/es\/ciudadanos\/","name":"Ciudadanos - Tour de l&#039;Abitibi","isPartOf":{"@id":"https:\/\/tourabitibi.com\/es\/#website"},"primaryImageOfPage":{"@id":"https:\/\/tourabitibi.com\/es\/ciudadanos\/#primaryimage"},"image":{"@id":"https:\/\/tourabitibi.com\/es\/ciudadanos\/#primaryimage"},"thumbnailUrl":"https:\/\/tourabitibi.com\/wp-content\/uploads\/2022\/04\/ptb-citoyens-benevoles-tour-abitibi-releve.webp","datePublished":"2022-03-29T14:51:06+00:00","dateModified":"2022-05-19T19:07:13+00:00","breadcrumb":{"@id":"https:\/\/tourabitibi.com\/es\/ciudadanos\/#breadcrumb"},"inLanguage":"es","potentialAction":[{"@type":"ReadAction","target":["https:\/\/tourabitibi.com\/es\/ciudadanos\/"]}]},{"@type":"ImageObject","inLanguage":"es","@id":"https:\/\/tourabitibi.com\/es\/ciudadanos\/#primaryimage","url":"https:\/\/tourabitibi.com\/wp-content\/uploads\/2022\/04\/ptb-citoyens-benevoles-tour-abitibi-releve.webp","contentUrl":"https:\/\/tourabitibi.com\/wp-content\/uploads\/2022\/04\/ptb-citoyens-benevoles-tour-abitibi-releve.webp","width":1920,"height":498},{"@type":"BreadcrumbList","@id":"https:\/\/tourabitibi.com\/es\/ciudadanos\/#breadcrumb","itemListElement":[{"@type":"ListItem","position":1,"name":"Home","item":"https:\/\/tourabitibi.com\/es\/"},{"@type":"ListItem","position":2,"name":"Ciudadanos"}]},{"@type":"WebSite","@id":"https:\/\/tourabitibi.com\/es\/#website","url":"https:\/\/tourabitibi.com\/es\/","name":"Tour de l&#039;Abitibi","description":"Tour de l&#039;Abitibi","potentialAction":[{"@type":"SearchAction","target":{"@type":"EntryPoint","urlTemplate":"https:\/\/tourabitibi.com\/es\/?s={search_term_string}"},"query-input":{"@type":"PropertyValueSpecification","valueRequired":true,"valueName":"search_term_string"}}],"inLanguage":"es"}]}},"jetpack_sharing_enabled":true,"_links":{"self":[{"href":"https:\/\/tourabitibi.com\/es\/wp-json\/wp\/v2\/pages\/1555","targetHints":{"allow":["GET"]}}],"collection":[{"href":"https:\/\/tourabitibi.com\/es\/wp-json\/wp\/v2\/pages"}],"about":[{"href":"https:\/\/tourabitibi.com\/es\/wp-json\/wp\/v2\/types\/page"}],"author":[{"embeddable":true,"href":"https:\/\/tourabitibi.com\/es\/wp-json\/wp\/v2\/users\/1"}],"replies":[{"embeddable":true,"href":"https:\/\/tourabitibi.com\/es\/wp-json\/wp\/v2\/comments?post=1555"}],"version-history":[{"count":0,"href":"https:\/\/tourabitibi.com\/es\/wp-json\/wp\/v2\/pages\/1555\/revisions"}],"wp:featuredmedia":[{"embeddable":true,"href":"https:\/\/tourabitibi.com\/es\/wp-json\/wp\/v2\/media\/867"}],"wp:attachment":[{"href":"https:\/\/tourabitibi.com\/es\/wp-json\/wp\/v2\/media?parent=1555"}],"curies":[{"name":"wp","href":"https:\/\/api.w.org\/{rel}","templated":true}]}}