{"id":446,"date":"2022-03-24T10:04:38","date_gmt":"2022-03-24T14:04:38","guid":{"rendered":"https:\/\/tourabitibi.com\/a-propos\/"},"modified":"2025-01-06T12:10:20","modified_gmt":"2025-01-06T17:10:20","slug":"about","status":"publish","type":"page","link":"https:\/\/tourabitibi.com\/en\/about\/","title":{"rendered":"About"},"content":{"rendered":"<div class=\"fusion-fullwidth fullwidth-box fusion-builder-row-1 fusion-flex-container nonhundred-percent-fullwidth non-hundred-percent-height-scrolling\" style=\"--awb-border-radius-top-left:0px;--awb-border-radius-top-right:0px;--awb-border-radius-bottom-right:0px;--awb-border-radius-bottom-left:0px;--awb-padding-top:0px;--awb-margin-top:0px;--awb-background-color:#ffffff;--awb-flex-wrap:wrap;\" ><div class=\"fusion-builder-row fusion-row fusion-flex-align-items-flex-start fusion-flex-content-wrap\" style=\"max-width:1620.32px;margin-left: calc(-4% \/ 2 );margin-right: calc(-4% \/ 2 );\"><div class=\"fusion-layout-column fusion_builder_column fusion-builder-column-0 fusion_builder_column_2_3 2_3 fusion-flex-column\" style=\"--awb-bg-size:cover;--awb-width-large:66.666666666667%;--awb-margin-top-large:0px;--awb-spacing-right-large:2.88%;--awb-margin-bottom-large:20px;--awb-spacing-left-large:2.88%;--awb-width-medium:66.666666666667%;--awb-order-medium:0;--awb-spacing-right-medium:2.88%;--awb-spacing-left-medium:2.88%;--awb-width-small:100%;--awb-order-small:0;--awb-spacing-right-small:1.92%;--awb-spacing-left-small:1.92%;\"><div class=\"fusion-column-wrapper fusion-column-has-shadow fusion-flex-justify-content-flex-start fusion-content-layout-column\"><div class=\"fusion-text fusion-text-1\" style=\"--awb-text-transform:none;\"><p>The Tour de l\u2019Abitibi, an international cycling race, welcomes 150 riders annually in an intense competition. The Tour is a recognized and coveted event around the world, as it is the only one of the nine UCI Junior Nations Cup events to be presented in America. During its 55-year history, the Tour has welcomed participants from more than 40 countries and continues to be an excellent springboard for aspiring cyclists in the professional ranks.<\/p>\n<p>Presented jointly for two days, the Tour de la Rel\u00e8ve welcomes girls and boys between the ages of 6 and 16 from Quebec\u2019s next generation of cyclists. The Tour de la Rel\u00e8ve is the fourth stage in a five-race series of the Quebec Cup, powered by the Grand Prix Cyclistes de Qu\u00e9bec and Montr\u00e9al.<\/p>\n<\/div><\/div><\/div><div class=\"fusion-layout-column fusion_builder_column fusion-builder-column-1 fusion_builder_column_1_3 1_3 fusion-flex-column\" style=\"--awb-bg-size:cover;--awb-width-large:33.333333333333%;--awb-margin-top-large:0px;--awb-spacing-right-large:5.76%;--awb-margin-bottom-large:20px;--awb-spacing-left-large:5.76%;--awb-width-medium:33.333333333333%;--awb-order-medium:0;--awb-spacing-right-medium:5.76%;--awb-spacing-left-medium:5.76%;--awb-width-small:100%;--awb-order-small:0;--awb-spacing-right-small:1.92%;--awb-spacing-left-small:1.92%;\"><div class=\"fusion-column-wrapper fusion-column-has-shadow fusion-flex-justify-content-flex-start fusion-content-layout-column\"><div class=\"fusion-image-element \" style=\"--awb-caption-title-font-family:var(--h2_typography-font-family);--awb-caption-title-font-weight:var(--h2_typography-font-weight);--awb-caption-title-font-style:var(--h2_typography-font-style);--awb-caption-title-size:var(--h2_typography-font-size);--awb-caption-title-transform:var(--h2_typography-text-transform);--awb-caption-title-line-height:var(--h2_typography-line-height);--awb-caption-title-letter-spacing:var(--h2_typography-letter-spacing);\"><span class=\" fusion-imageframe imageframe-none imageframe-1 hover-type-none\"><img decoding=\"async\" width=\"750\" height=\"500\" title=\"comite-organisateur-benevole-tour\" src=\"https:\/\/tourabitibi.com\/wp-content\/uploads\/2022\/04\/comite-organisateur-benevole-tour.jpg\" alt class=\"img-responsive wp-image-799\" srcset=\"https:\/\/tourabitibi.com\/wp-content\/uploads\/2022\/04\/comite-organisateur-benevole-tour-200x133.jpg 200w, https:\/\/tourabitibi.com\/wp-content\/uploads\/2022\/04\/comite-organisateur-benevole-tour-400x267.jpg 400w, https:\/\/tourabitibi.com\/wp-content\/uploads\/2022\/04\/comite-organisateur-benevole-tour-600x400.jpg 600w, https:\/\/tourabitibi.com\/wp-content\/uploads\/2022\/04\/comite-organisateur-benevole-tour.jpg 750w\" sizes=\"(max-width: 640px) 100vw, 600px\" \/><\/span><\/div><\/div><\/div><div class=\"fusion-layout-column fusion_builder_column fusion-builder-column-2 fusion_builder_column_1_1 1_1 fusion-flex-column\" style=\"--awb-bg-size:cover;--awb-width-large:100%;--awb-margin-top-large:0px;--awb-spacing-right-large:1.92%;--awb-margin-bottom-large:20px;--awb-spacing-left-large:1.92%;--awb-width-medium:100%;--awb-order-medium:0;--awb-spacing-right-medium:1.92%;--awb-spacing-left-medium:1.92%;--awb-width-small:100%;--awb-order-small:0;--awb-spacing-right-small:1.92%;--awb-spacing-left-small:1.92%;\"><div class=\"fusion-column-wrapper fusion-column-has-shadow fusion-flex-justify-content-flex-start fusion-content-layout-column\"><div class=\"fusion-title title fusion-title-1 fusion-sep-none fusion-title-text fusion-title-size-two\" style=\"--awb-margin-bottom:25px;\"><h2 class=\"fusion-title-heading title-heading-left fusion-responsive-typography-calculated\" style=\"margin:0;--fontSize:45;line-height:var(--awb-typography1-line-height);\">Organisation<\/h2><\/div><\/div><\/div><div class=\"fusion-layout-column fusion_builder_column fusion-builder-column-3 fusion_builder_column_1_2 1_2 fusion-flex-column\" style=\"--awb-bg-size:cover;--awb-width-large:50%;--awb-margin-top-large:0px;--awb-spacing-right-large:3.84%;--awb-margin-bottom-large:20px;--awb-spacing-left-large:3.84%;--awb-width-medium:50%;--awb-order-medium:0;--awb-spacing-right-medium:3.84%;--awb-spacing-left-medium:3.84%;--awb-width-small:100%;--awb-order-small:0;--awb-spacing-right-small:1.92%;--awb-spacing-left-small:1.92%;\"><div class=\"fusion-column-wrapper fusion-column-has-shadow fusion-flex-justify-content-flex-start fusion-content-layout-column\"><div class=\"fusion-title title fusion-title-2 fusion-sep-none fusion-title-text fusion-title-size-three\" style=\"--awb-margin-bottom:25px;\"><h3 class=\"fusion-title-heading title-heading-left fusion-responsive-typography-calculated\" style=\"margin:0;--fontSize:36;line-height:var(--awb-typography1-line-height);\">Board of Directors<\/h3><\/div><div class=\"fusion-text fusion-text-2\" style=\"--awb-text-transform:none;\"><p>M\u00e9lanie Rocher, President<br \/>\nChristine Beausoleil, Vice-President<br \/>\nJean-Francois Blais, Secretary<br \/>\nDaniel T\u00e9treault, Treasurer<br \/>\nSandra Ataman, Director<br \/>\nSuzanne Fortin, Director<br \/>\nGuillaume Barbes, Director<br \/>\nGuillaume Beaulieu, Representative for the city of Rouyn-Noranda<br \/>\nMartin Rochette, Representative for city of Rouyn-Noranda<br \/>\nMartin Lavoie, Representative for the city of Val-d&#8217;Or<br \/>\nLuc Lavoie, Representative for the city of Val-d&#8217;Or<br \/>\nGhislain Doyon, Representative for city of Amos<br \/>\nAnnie Quenneville, Representative for city of Amos<br \/>\nVacant<br \/>\nVacant<br \/>\nVacant<\/p>\n<\/div><div class=\"fusion-title title fusion-title-3 fusion-sep-none fusion-title-text fusion-title-size-three\" style=\"--awb-margin-bottom:25px;\"><h3 class=\"fusion-title-heading title-heading-left fusion-responsive-typography-calculated\" style=\"margin:0;--fontSize:36;line-height:var(--awb-typography1-line-height);\">Permanence<\/h3><\/div><div class=\"fusion-text fusion-text-3\" style=\"--awb-text-transform:none;\"><p>Myriam Audet, Coordinator<\/p>\n<\/div><\/div><\/div><div class=\"fusion-layout-column fusion_builder_column fusion-builder-column-4 fusion_builder_column_1_2 1_2 fusion-flex-column\" style=\"--awb-bg-size:cover;--awb-width-large:50%;--awb-margin-top-large:0px;--awb-spacing-right-large:3.84%;--awb-margin-bottom-large:20px;--awb-spacing-left-large:3.84%;--awb-width-medium:50%;--awb-order-medium:0;--awb-spacing-right-medium:3.84%;--awb-spacing-left-medium:3.84%;--awb-width-small:100%;--awb-order-small:0;--awb-spacing-right-small:1.92%;--awb-spacing-left-small:1.92%;\"><div class=\"fusion-column-wrapper fusion-column-has-shadow fusion-flex-justify-content-flex-start fusion-content-layout-column\"><div class=\"fusion-title title fusion-title-4 fusion-sep-none fusion-title-text fusion-title-size-three\" style=\"--awb-margin-bottom:25px;\"><h3 class=\"fusion-title-heading title-heading-left fusion-responsive-typography-calculated\" style=\"margin:0;--fontSize:36;line-height:var(--awb-typography1-line-height);\">Organizing Committee<\/h3><\/div><div class=\"fusion-text fusion-text-4\" style=\"--awb-text-transform:none;\"><p><strong>Accommodation <\/strong>: Subway Cycling Club (Mathieu Roy)<br \/>\n<strong>Administrative headquarters <\/strong>:<br \/>\n<strong>Board representative<\/strong> : Suzanne Fortin<br \/>\n<b>Cafeteria<\/b> : Pierre and France Galarneau<br \/>\n<strong>Communications<\/strong> :<br \/>\n<strong>Equipment and facilities: <\/strong>Michel Laverdure<br \/>\n<strong>Links City of Val-d&#8217;Or: <\/strong>\u00a0Luc Lavoie<br \/>\n<strong>Medical<\/strong>: Marie-\u00c8ve Dionne and Tina Aub\u00e9<br \/>\n<strong>Motorcycles<\/strong>: Yves Aub\u00e9<br \/>\n<strong>Protocol: <\/strong>Julie Pelletier<br \/>\n<strong>Security<\/strong>: Steve Roussil<br \/>\n<strong>SQ Managers:\u00a0<\/strong><br \/>\n<strong>Technique<\/strong>: Christine Beausoleil<br \/>\n<strong>Tour de la Rel\u00e8ve<\/strong> : St\u00e9phane Larose, Mark Tremblay, David Fiset and Francis Fortin<br \/>\n<strong>Transport<\/strong>: Robert Noury<br \/>\n<strong>VIP:\u00a0<\/strong><br \/>\n<strong>Volunteers: <\/strong><br \/>\n<strong>Welcome &amp; accreditation<\/strong>: Claudette Aylwin<\/p>\n<\/div><\/div><\/div><\/div><\/div>\n","protected":false},"excerpt":{"rendered":"","protected":false},"author":1,"featured_media":888,"parent":0,"menu_order":0,"comment_status":"closed","ping_status":"closed","template":"100-width.php","meta":{"footnotes":""},"class_list":["post-446","page","type-page","status-publish","has-post-thumbnail","hentry"],"yoast_head":"<!-- This site is optimized with the Yoast SEO plugin v26.3 - https:\/\/yoast.com\/wordpress\/plugins\/seo\/ -->\n<title>About - Tour de l&#039;Abitibi<\/title>\n<meta name=\"robots\" content=\"index, follow, max-snippet:-1, max-image-preview:large, max-video-preview:-1\" \/>\n<link rel=\"canonical\" href=\"https:\/\/tourabitibi.com\/en\/about\/\" \/>\n<meta property=\"og:locale\" content=\"en_US\" \/>\n<meta property=\"og:type\" content=\"article\" \/>\n<meta property=\"og:title\" content=\"About - Tour de l&#039;Abitibi\" \/>\n<meta property=\"og:url\" content=\"https:\/\/tourabitibi.com\/en\/about\/\" \/>\n<meta property=\"og:site_name\" content=\"Tour de l&#039;Abitibi\" \/>\n<meta property=\"article:modified_time\" content=\"2025-01-06T17:10:20+00:00\" \/>\n<meta property=\"og:image\" content=\"https:\/\/tourabitibi.com\/wp-content\/uploads\/2022\/04\/PTB-citoyens-abitibi-tour-velo-cyclisme.webp\" \/>\n\t<meta property=\"og:image:width\" content=\"1920\" \/>\n\t<meta property=\"og:image:height\" content=\"498\" \/>\n\t<meta property=\"og:image:type\" content=\"image\/webp\" \/>\n<meta name=\"twitter:card\" content=\"summary_large_image\" \/>\n<meta name=\"twitter:label1\" content=\"Est. reading time\" \/>\n\t<meta name=\"twitter:data1\" content=\"2 minutes\" \/>\n<script type=\"application\/ld+json\" class=\"yoast-schema-graph\">{\"@context\":\"https:\/\/schema.org\",\"@graph\":[{\"@type\":\"WebPage\",\"@id\":\"https:\/\/tourabitibi.com\/en\/about\/\",\"url\":\"https:\/\/tourabitibi.com\/en\/about\/\",\"name\":\"About - Tour de l&#039;Abitibi\",\"isPartOf\":{\"@id\":\"https:\/\/tourabitibi.com\/en\/#website\"},\"primaryImageOfPage\":{\"@id\":\"https:\/\/tourabitibi.com\/en\/about\/#primaryimage\"},\"image\":{\"@id\":\"https:\/\/tourabitibi.com\/en\/about\/#primaryimage\"},\"thumbnailUrl\":\"https:\/\/tourabitibi.com\/wp-content\/uploads\/2022\/04\/PTB-citoyens-abitibi-tour-velo-cyclisme.webp\",\"datePublished\":\"2022-03-24T14:04:38+00:00\",\"dateModified\":\"2025-01-06T17:10:20+00:00\",\"breadcrumb\":{\"@id\":\"https:\/\/tourabitibi.com\/en\/about\/#breadcrumb\"},\"inLanguage\":\"en-US\",\"potentialAction\":[{\"@type\":\"ReadAction\",\"target\":[\"https:\/\/tourabitibi.com\/en\/about\/\"]}]},{\"@type\":\"ImageObject\",\"inLanguage\":\"en-US\",\"@id\":\"https:\/\/tourabitibi.com\/en\/about\/#primaryimage\",\"url\":\"https:\/\/tourabitibi.com\/wp-content\/uploads\/2022\/04\/PTB-citoyens-abitibi-tour-velo-cyclisme.webp\",\"contentUrl\":\"https:\/\/tourabitibi.com\/wp-content\/uploads\/2022\/04\/PTB-citoyens-abitibi-tour-velo-cyclisme.webp\",\"width\":1920,\"height\":498},{\"@type\":\"BreadcrumbList\",\"@id\":\"https:\/\/tourabitibi.com\/en\/about\/#breadcrumb\",\"itemListElement\":[{\"@type\":\"ListItem\",\"position\":1,\"name\":\"Home\",\"item\":\"https:\/\/tourabitibi.com\/en\/\"},{\"@type\":\"ListItem\",\"position\":2,\"name\":\"About\"}]},{\"@type\":\"WebSite\",\"@id\":\"https:\/\/tourabitibi.com\/en\/#website\",\"url\":\"https:\/\/tourabitibi.com\/en\/\",\"name\":\"Tour de l&#039;Abitibi\",\"description\":\"Tour de l&#039;Abitibi\",\"potentialAction\":[{\"@type\":\"SearchAction\",\"target\":{\"@type\":\"EntryPoint\",\"urlTemplate\":\"https:\/\/tourabitibi.com\/en\/?s={search_term_string}\"},\"query-input\":{\"@type\":\"PropertyValueSpecification\",\"valueRequired\":true,\"valueName\":\"search_term_string\"}}],\"inLanguage\":\"en-US\"}]}<\/script>\n<!-- \/ Yoast SEO plugin. -->","yoast_head_json":{"title":"About - Tour de l&#039;Abitibi","robots":{"index":"index","follow":"follow","max-snippet":"max-snippet:-1","max-image-preview":"max-image-preview:large","max-video-preview":"max-video-preview:-1"},"canonical":"https:\/\/tourabitibi.com\/en\/about\/","og_locale":"en_US","og_type":"article","og_title":"About - Tour de l&#039;Abitibi","og_url":"https:\/\/tourabitibi.com\/en\/about\/","og_site_name":"Tour de l&#039;Abitibi","article_modified_time":"2025-01-06T17:10:20+00:00","og_image":[{"width":1920,"height":498,"url":"https:\/\/tourabitibi.com\/wp-content\/uploads\/2022\/04\/PTB-citoyens-abitibi-tour-velo-cyclisme.webp","type":"image\/webp"}],"twitter_card":"summary_large_image","twitter_misc":{"Est. reading time":"2 minutes"},"schema":{"@context":"https:\/\/schema.org","@graph":[{"@type":"WebPage","@id":"https:\/\/tourabitibi.com\/en\/about\/","url":"https:\/\/tourabitibi.com\/en\/about\/","name":"About - Tour de l&#039;Abitibi","isPartOf":{"@id":"https:\/\/tourabitibi.com\/en\/#website"},"primaryImageOfPage":{"@id":"https:\/\/tourabitibi.com\/en\/about\/#primaryimage"},"image":{"@id":"https:\/\/tourabitibi.com\/en\/about\/#primaryimage"},"thumbnailUrl":"https:\/\/tourabitibi.com\/wp-content\/uploads\/2022\/04\/PTB-citoyens-abitibi-tour-velo-cyclisme.webp","datePublished":"2022-03-24T14:04:38+00:00","dateModified":"2025-01-06T17:10:20+00:00","breadcrumb":{"@id":"https:\/\/tourabitibi.com\/en\/about\/#breadcrumb"},"inLanguage":"en-US","potentialAction":[{"@type":"ReadAction","target":["https:\/\/tourabitibi.com\/en\/about\/"]}]},{"@type":"ImageObject","inLanguage":"en-US","@id":"https:\/\/tourabitibi.com\/en\/about\/#primaryimage","url":"https:\/\/tourabitibi.com\/wp-content\/uploads\/2022\/04\/PTB-citoyens-abitibi-tour-velo-cyclisme.webp","contentUrl":"https:\/\/tourabitibi.com\/wp-content\/uploads\/2022\/04\/PTB-citoyens-abitibi-tour-velo-cyclisme.webp","width":1920,"height":498},{"@type":"BreadcrumbList","@id":"https:\/\/tourabitibi.com\/en\/about\/#breadcrumb","itemListElement":[{"@type":"ListItem","position":1,"name":"Home","item":"https:\/\/tourabitibi.com\/en\/"},{"@type":"ListItem","position":2,"name":"About"}]},{"@type":"WebSite","@id":"https:\/\/tourabitibi.com\/en\/#website","url":"https:\/\/tourabitibi.com\/en\/","name":"Tour de l&#039;Abitibi","description":"Tour de l&#039;Abitibi","potentialAction":[{"@type":"SearchAction","target":{"@type":"EntryPoint","urlTemplate":"https:\/\/tourabitibi.com\/en\/?s={search_term_string}"},"query-input":{"@type":"PropertyValueSpecification","valueRequired":true,"valueName":"search_term_string"}}],"inLanguage":"en-US"}]}},"jetpack_sharing_enabled":true,"_links":{"self":[{"href":"https:\/\/tourabitibi.com\/en\/wp-json\/wp\/v2\/pages\/446","targetHints":{"allow":["GET"]}}],"collection":[{"href":"https:\/\/tourabitibi.com\/en\/wp-json\/wp\/v2\/pages"}],"about":[{"href":"https:\/\/tourabitibi.com\/en\/wp-json\/wp\/v2\/types\/page"}],"author":[{"embeddable":true,"href":"https:\/\/tourabitibi.com\/en\/wp-json\/wp\/v2\/users\/1"}],"replies":[{"embeddable":true,"href":"https:\/\/tourabitibi.com\/en\/wp-json\/wp\/v2\/comments?post=446"}],"version-history":[{"count":4,"href":"https:\/\/tourabitibi.com\/en\/wp-json\/wp\/v2\/pages\/446\/revisions"}],"predecessor-version":[{"id":4576,"href":"https:\/\/tourabitibi.com\/en\/wp-json\/wp\/v2\/pages\/446\/revisions\/4576"}],"wp:featuredmedia":[{"embeddable":true,"href":"https:\/\/tourabitibi.com\/en\/wp-json\/wp\/v2\/media\/888"}],"wp:attachment":[{"href":"https:\/\/tourabitibi.com\/en\/wp-json\/wp\/v2\/media?parent=446"}],"curies":[{"name":"wp","href":"https:\/\/api.w.org\/{rel}","templated":true}]}}