{"id":3888,"date":"2024-02-05T23:37:06","date_gmt":"2024-02-06T04:37:06","guid":{"rendered":"https:\/\/tourabitibi.com\/?page_id=3888"},"modified":"2024-02-05T23:37:06","modified_gmt":"2024-02-06T04:37:06","slug":"media","status":"publish","type":"page","link":"https:\/\/tourabitibi.com\/en\/media\/","title":{"rendered":"Media"},"content":{"rendered":"<div class=\"fusion-fullwidth fullwidth-box fusion-builder-row-1 fusion-flex-container has-pattern-background has-mask-background nonhundred-percent-fullwidth non-hundred-percent-height-scrolling\" style=\"--awb-border-radius-top-left:0px;--awb-border-radius-top-right:0px;--awb-border-radius-bottom-right:0px;--awb-border-radius-bottom-left:0px;--awb-background-color:#ffffff;--awb-flex-wrap:wrap;\" ><div class=\"fusion-builder-row fusion-row fusion-flex-align-items-flex-start fusion-flex-content-wrap\" style=\"max-width:1620.32px;margin-left: calc(-4% \/ 2 );margin-right: calc(-4% \/ 2 );\"><div class=\"fusion-layout-column fusion_builder_column fusion-builder-column-0 fusion_builder_column_1_1 1_1 fusion-flex-column\" style=\"--awb-bg-size:cover;--awb-width-large:100%;--awb-margin-top-large:0px;--awb-spacing-right-large:1.92%;--awb-margin-bottom-large:20px;--awb-spacing-left-large:1.92%;--awb-width-medium:100%;--awb-order-medium:0;--awb-spacing-right-medium:1.92%;--awb-spacing-left-medium:1.92%;--awb-width-small:100%;--awb-order-small:0;--awb-spacing-right-small:1.92%;--awb-spacing-left-small:1.92%;\"><div class=\"fusion-column-wrapper fusion-column-has-shadow fusion-flex-justify-content-flex-start fusion-content-layout-column\"><div class=\"fusion-blog-shortcode fusion-blog-shortcode-1 fusion-blog-archive fusion-blog-layout-medium-alternate fusion-blog-pagination\"><div class=\"fusion-posts-container fusion-posts-container-pagination fusion-no-meta-info fusion-blog-rollover\" data-pages=\"4\"><article id=\"blog-1-post-4473\" class=\"fusion-post-medium-alternate post-4473 post type-post status-publish format-standard hentry category-uncategorized\">\n<div class=\"fusion-date-and-formats\"><div class=\"fusion-date-box updated\"><span class=\"fusion-date\">31<\/span><span class=\"fusion-month-year\">07, 2024<\/span><\/div><div class=\"fusion-format-box\"><i class=\"awb-icon-pen\" aria-hidden=\"true\"><\/i><\/div><\/div>\t<style type=\"text\/css\">\n\t\t\n\t\t\n\t\t\n\t\t\n\t\t\t<\/style>\n\n\n<div class=\"fusion-post-content post-content\"><h4 class=\"blog-shortcode-post-title entry-title\"><a href=\"https:\/\/tourabitibi.com\/en\/saturday-short-stories\/\">Saturday short stories<\/a><\/h4><div class=\"fusion-post-content-container\"><p>By: Normand Gosselin Some funny events and facts are worth mentioning, but only briefly. This article aims to bring together these side-events of the Tour. Miracle in Malartic Believe it or not, the sun was shining brightly for this half-stage run in an above-average time: 46.713 km\/h. A passage to [...]<\/p><\/div><\/div><div class=\"fusion-clearfix\"><\/div><\/article>\n<article id=\"blog-1-post-4471\" class=\"fusion-post-medium-alternate post-4471 post type-post status-publish format-standard hentry category-uncategorized\">\n<div class=\"fusion-date-and-formats\"><div class=\"fusion-date-box updated\"><span class=\"fusion-date\">31<\/span><span class=\"fusion-month-year\">07, 2024<\/span><\/div><div class=\"fusion-format-box\"><i class=\"awb-icon-pen\" aria-hidden=\"true\"><\/i><\/div><\/div>\t<style type=\"text\/css\">\n\t\t\n\t\t\n\t\t\n\t\t\n\t\t\t<\/style>\n\n\n<div class=\"fusion-post-content post-content\"><h4 class=\"blog-shortcode-post-title entry-title\"><a href=\"https:\/\/tourabitibi.com\/en\/is-the-next-generation-up\/\">Is the next generation up?<\/a><\/h4><div class=\"fusion-post-content-container\"><p>By: Normand Gosselin A cyclist is in the Junior category for only two years. We note that the national teams comprise mainly\u00a0 2nd and last year juniors. What is the future? The Tour de la rel\u00e8ve, which was run on Saturday, July 20, very directly projected the answer: 185 young [...]<\/p><\/div><\/div><div class=\"fusion-clearfix\"><\/div><\/article>\n<article id=\"blog-1-post-4469\" class=\"fusion-post-medium-alternate post-4469 post type-post status-publish format-standard hentry category-uncategorized\">\n<div class=\"fusion-date-and-formats\"><div class=\"fusion-date-box updated\"><span class=\"fusion-date\">31<\/span><span class=\"fusion-month-year\">07, 2024<\/span><\/div><div class=\"fusion-format-box\"><i class=\"awb-icon-pen\" aria-hidden=\"true\"><\/i><\/div><\/div>\t<style type=\"text\/css\">\n\t\t\n\t\t\n\t\t\n\t\t\n\t\t\t<\/style>\n\n\n<div class=\"fusion-post-content post-content\"><h4 class=\"blog-shortcode-post-title entry-title\"><a href=\"https:\/\/tourabitibi.com\/en\/a-story-to-talk-about\/\">A story to talk about<\/a><\/h4><div class=\"fusion-post-content-container\"><p>By: Normand Gosselin Each edition of the Tour has its own story and anecdotes. This year\u2019s 54th edition has its own very special story. The New Zealand junior rider Oliver Scott, could not complete his last year in his country in this category because of a health problem, which made [...]<\/p><\/div><\/div><div class=\"fusion-clearfix\"><\/div><\/article>\n<article id=\"blog-1-post-4467\" class=\"fusion-post-medium-alternate post-4467 post type-post status-publish format-standard hentry category-uncategorized\">\n<div class=\"fusion-date-and-formats\"><div class=\"fusion-date-box updated\"><span class=\"fusion-date\">31<\/span><span class=\"fusion-month-year\">07, 2024<\/span><\/div><div class=\"fusion-format-box\"><i class=\"awb-icon-pen\" aria-hidden=\"true\"><\/i><\/div><\/div>\t<style type=\"text\/css\">\n\t\t\n\t\t\n\t\t\n\t\t\n\t\t\t<\/style>\n\n\n<div class=\"fusion-post-content post-content\"><h4 class=\"blog-shortcode-post-title entry-title\"><a href=\"https:\/\/tourabitibi.com\/en\/louis-barbeau-in-abitibi-once-again\/\">Louis Barbeau in Abitibi once again<\/a><\/h4><div class=\"fusion-post-content-container\"><p>By: Normand Gosselin Louis Barbeau, Executive Director of the F\u00e9d\u00e9ration qu\u00e9b\u00e9coise des sports cyclistes, regularly attends the Tour de l'Abitibi and plays a very important role. With Jean-Philippe \u00c9thier, from TVGO, he describes the events of each stage. In addition to serving the people watching the races, their information allows [...]<\/p><\/div><\/div><div class=\"fusion-clearfix\"><\/div><\/article>\n<article id=\"blog-1-post-4465\" class=\"fusion-post-medium-alternate post-4465 post type-post status-publish format-standard hentry category-uncategorized\">\n<div class=\"fusion-date-and-formats\"><div class=\"fusion-date-box updated\"><span class=\"fusion-date\">31<\/span><span class=\"fusion-month-year\">07, 2024<\/span><\/div><div class=\"fusion-format-box\"><i class=\"awb-icon-pen\" aria-hidden=\"true\"><\/i><\/div><\/div>\t<style type=\"text\/css\">\n\t\t\n\t\t\n\t\t\n\t\t\n\t\t\t<\/style>\n\n\n<div class=\"fusion-post-content post-content\"><h4 class=\"blog-shortcode-post-title entry-title\"><a href=\"https:\/\/tourabitibi.com\/en\/tour-essentials-surete-du-quebec-commissaires-technical-team-volunteers\/\">Tour essentials: S\u00fbret\u00e9 du Qu\u00e9bec, Commissaires, technical team, volunteers<\/a><\/h4><div class=\"fusion-post-content-container\"><p>By: Normand Gosselin An event of the magnitude of the Tour de l'Abitibi requires the contribution of several hundred people and it is important to note, to talk about these people who, for many, take an important part of their annual vacation to make their contribution to this Tour ahich [...]<\/p><\/div><\/div><div class=\"fusion-clearfix\"><\/div><\/article>\n<article id=\"blog-1-post-4463\" class=\"fusion-post-medium-alternate post-4463 post type-post status-publish format-standard hentry category-uncategorized\">\n<div class=\"fusion-date-and-formats\"><div class=\"fusion-date-box updated\"><span class=\"fusion-date\">31<\/span><span class=\"fusion-month-year\">07, 2024<\/span><\/div><div class=\"fusion-format-box\"><i class=\"awb-icon-pen\" aria-hidden=\"true\"><\/i><\/div><\/div>\t<style type=\"text\/css\">\n\t\t\n\t\t\n\t\t\n\t\t\n\t\t\t<\/style>\n\n\n<div class=\"fusion-post-content post-content\"><h4 class=\"blog-shortcode-post-title entry-title\"><a href=\"https:\/\/tourabitibi.com\/en\/celine-brindamours-participation-in-the-tour-de-labitibi\/\">C\u00e9line Brindamour\u2019s participation in the Tour de l&#8217;Abitibi<\/a><\/h4><div class=\"fusion-post-content-container\"><p>By: Normand Gosselin We think especially of her as mayor of Val-d'Or but the role of C\u00e9line Brindamour in the Tour de l'Abitibi has been most important over the past 15 years. Representing the City of Val-d'Or on the Tour\u2019s Board of Directors, she also volunteered and trained her three [...]<\/p><\/div><\/div><div class=\"fusion-clearfix\"><\/div><\/article>\n<\/div><div class=\"pagination clearfix\"><span class=\"current\">1<\/span><a href=\"https:\/\/tourabitibi.com\/en\/wp-json\/wp\/v2\/pages\/3888\/page\/2\/\" class=\"inactive\">2<\/a><a class=\"pagination-next\" rel=\"next\" href=\"https:\/\/tourabitibi.com\/en\/wp-json\/wp\/v2\/pages\/3888\/page\/2\/\"><span class=\"page-text\">Next<\/span><span class=\"page-next\"><\/span><\/a><\/div><div class=\"fusion-clearfix\"><\/div><\/div><\/div><\/div><\/div><\/div>\n","protected":false},"excerpt":{"rendered":"","protected":false},"author":3,"featured_media":0,"parent":0,"menu_order":0,"comment_status":"closed","ping_status":"closed","template":"100-width.php","meta":{"footnotes":""},"class_list":["post-3888","page","type-page","status-publish","hentry"],"yoast_head":"<!-- This site is optimized with the Yoast SEO plugin v26.3 - https:\/\/yoast.com\/wordpress\/plugins\/seo\/ -->\n<title>Media - Tour de l&#039;Abitibi<\/title>\n<meta name=\"robots\" content=\"index, follow, max-snippet:-1, max-image-preview:large, max-video-preview:-1\" \/>\n<link rel=\"canonical\" href=\"https:\/\/tourabitibi.com\/en\/media\/\" \/>\n<meta property=\"og:locale\" content=\"en_US\" \/>\n<meta property=\"og:type\" content=\"article\" \/>\n<meta property=\"og:title\" content=\"Media - Tour de l&#039;Abitibi\" \/>\n<meta property=\"og:url\" content=\"https:\/\/tourabitibi.com\/en\/media\/\" \/>\n<meta property=\"og:site_name\" content=\"Tour de l&#039;Abitibi\" \/>\n<meta property=\"og:image\" content=\"https:\/\/tourabitibi.com\/wp-content\/uploads\/2022\/04\/tour-abitibi-en-images-gallerie-photo-12-1.webp\" \/>\n\t<meta property=\"og:image:width\" content=\"800\" \/>\n\t<meta property=\"og:image:height\" content=\"534\" \/>\n\t<meta property=\"og:image:type\" content=\"image\/webp\" \/>\n<meta name=\"twitter:card\" content=\"summary_large_image\" \/>\n<meta name=\"twitter:label1\" content=\"Est. reading time\" \/>\n\t<meta name=\"twitter:data1\" content=\"2 minutes\" \/>\n<script type=\"application\/ld+json\" class=\"yoast-schema-graph\">{\"@context\":\"https:\/\/schema.org\",\"@graph\":[{\"@type\":\"WebPage\",\"@id\":\"https:\/\/tourabitibi.com\/en\/media\/\",\"url\":\"https:\/\/tourabitibi.com\/en\/media\/\",\"name\":\"Media - Tour de l&#039;Abitibi\",\"isPartOf\":{\"@id\":\"https:\/\/tourabitibi.com\/en\/#website\"},\"datePublished\":\"2024-02-06T04:37:06+00:00\",\"breadcrumb\":{\"@id\":\"https:\/\/tourabitibi.com\/en\/media\/#breadcrumb\"},\"inLanguage\":\"en-US\",\"potentialAction\":[{\"@type\":\"ReadAction\",\"target\":[\"https:\/\/tourabitibi.com\/en\/media\/\"]}]},{\"@type\":\"BreadcrumbList\",\"@id\":\"https:\/\/tourabitibi.com\/en\/media\/#breadcrumb\",\"itemListElement\":[{\"@type\":\"ListItem\",\"position\":1,\"name\":\"Home\",\"item\":\"https:\/\/tourabitibi.com\/en\/\"},{\"@type\":\"ListItem\",\"position\":2,\"name\":\"Media\"}]},{\"@type\":\"WebSite\",\"@id\":\"https:\/\/tourabitibi.com\/en\/#website\",\"url\":\"https:\/\/tourabitibi.com\/en\/\",\"name\":\"Tour de l&#039;Abitibi\",\"description\":\"Tour de l&#039;Abitibi\",\"potentialAction\":[{\"@type\":\"SearchAction\",\"target\":{\"@type\":\"EntryPoint\",\"urlTemplate\":\"https:\/\/tourabitibi.com\/en\/?s={search_term_string}\"},\"query-input\":{\"@type\":\"PropertyValueSpecification\",\"valueRequired\":true,\"valueName\":\"search_term_string\"}}],\"inLanguage\":\"en-US\"}]}<\/script>\n<!-- \/ Yoast SEO plugin. -->","yoast_head_json":{"title":"Media - Tour de l&#039;Abitibi","robots":{"index":"index","follow":"follow","max-snippet":"max-snippet:-1","max-image-preview":"max-image-preview:large","max-video-preview":"max-video-preview:-1"},"canonical":"https:\/\/tourabitibi.com\/en\/media\/","og_locale":"en_US","og_type":"article","og_title":"Media - Tour de l&#039;Abitibi","og_url":"https:\/\/tourabitibi.com\/en\/media\/","og_site_name":"Tour de l&#039;Abitibi","og_image":[{"width":800,"height":534,"url":"https:\/\/tourabitibi.com\/wp-content\/uploads\/2022\/04\/tour-abitibi-en-images-gallerie-photo-12-1.webp","type":"image\/webp"}],"twitter_card":"summary_large_image","twitter_misc":{"Est. reading time":"2 minutes"},"schema":{"@context":"https:\/\/schema.org","@graph":[{"@type":"WebPage","@id":"https:\/\/tourabitibi.com\/en\/media\/","url":"https:\/\/tourabitibi.com\/en\/media\/","name":"Media - Tour de l&#039;Abitibi","isPartOf":{"@id":"https:\/\/tourabitibi.com\/en\/#website"},"datePublished":"2024-02-06T04:37:06+00:00","breadcrumb":{"@id":"https:\/\/tourabitibi.com\/en\/media\/#breadcrumb"},"inLanguage":"en-US","potentialAction":[{"@type":"ReadAction","target":["https:\/\/tourabitibi.com\/en\/media\/"]}]},{"@type":"BreadcrumbList","@id":"https:\/\/tourabitibi.com\/en\/media\/#breadcrumb","itemListElement":[{"@type":"ListItem","position":1,"name":"Home","item":"https:\/\/tourabitibi.com\/en\/"},{"@type":"ListItem","position":2,"name":"Media"}]},{"@type":"WebSite","@id":"https:\/\/tourabitibi.com\/en\/#website","url":"https:\/\/tourabitibi.com\/en\/","name":"Tour de l&#039;Abitibi","description":"Tour de l&#039;Abitibi","potentialAction":[{"@type":"SearchAction","target":{"@type":"EntryPoint","urlTemplate":"https:\/\/tourabitibi.com\/en\/?s={search_term_string}"},"query-input":{"@type":"PropertyValueSpecification","valueRequired":true,"valueName":"search_term_string"}}],"inLanguage":"en-US"}]}},"jetpack_sharing_enabled":true,"_links":{"self":[{"href":"https:\/\/tourabitibi.com\/en\/wp-json\/wp\/v2\/pages\/3888","targetHints":{"allow":["GET"]}}],"collection":[{"href":"https:\/\/tourabitibi.com\/en\/wp-json\/wp\/v2\/pages"}],"about":[{"href":"https:\/\/tourabitibi.com\/en\/wp-json\/wp\/v2\/types\/page"}],"author":[{"embeddable":true,"href":"https:\/\/tourabitibi.com\/en\/wp-json\/wp\/v2\/users\/3"}],"replies":[{"embeddable":true,"href":"https:\/\/tourabitibi.com\/en\/wp-json\/wp\/v2\/comments?post=3888"}],"version-history":[{"count":1,"href":"https:\/\/tourabitibi.com\/en\/wp-json\/wp\/v2\/pages\/3888\/revisions"}],"predecessor-version":[{"id":3889,"href":"https:\/\/tourabitibi.com\/en\/wp-json\/wp\/v2\/pages\/3888\/revisions\/3889"}],"wp:attachment":[{"href":"https:\/\/tourabitibi.com\/en\/wp-json\/wp\/v2\/media?parent=3888"}],"curies":[{"name":"wp","href":"https:\/\/api.w.org\/{rel}","templated":true}]}}